{"id":6,"date":"2012-01-26T20:42:45","date_gmt":"2012-01-26T20:42:45","guid":{"rendered":"http:\/\/www.bbkappel.ch\/wordpress\/?page_id=6"},"modified":"2024-07-03T08:57:59","modified_gmt":"2024-07-03T06:57:59","slug":"herzlich-willkommen","status":"publish","type":"page","link":"https:\/\/www.bbkappel.ch\/","title":{"rendered":"Herzlich Willkommen"},"content":{"rendered":"\n<div class=\"wp-block-columns is-layout-flex wp-container-core-columns-is-layout-9d6595d7 wp-block-columns-is-layout-flex\">\n<div class=\"wp-block-column is-layout-flow wp-block-column-is-layout-flow\" style=\"flex-basis:100%\">\n<figure class=\"wp-block-image size-large\"><img loading=\"lazy\" decoding=\"async\" width=\"1024\" height=\"626\" src=\"https:\/\/www.bbkappel.ch\/wp-content\/uploads\/2024\/07\/BBK-1024x626.jpg\" alt=\"\" class=\"wp-image-1725\" srcset=\"https:\/\/www.bbkappel.ch\/wp-content\/uploads\/2024\/07\/BBK-1024x626.jpg 1024w, https:\/\/www.bbkappel.ch\/wp-content\/uploads\/2024\/07\/BBK-300x183.jpg 300w, https:\/\/www.bbkappel.ch\/wp-content\/uploads\/2024\/07\/BBK-768x469.jpg 768w, https:\/\/www.bbkappel.ch\/wp-content\/uploads\/2024\/07\/BBK-1536x939.jpg 1536w, https:\/\/www.bbkappel.ch\/wp-content\/uploads\/2024\/07\/BBK-442x270.jpg 442w, https:\/\/www.bbkappel.ch\/wp-content\/uploads\/2024\/07\/BBK.jpg 1600w\" sizes=\"auto, (max-width: 1024px) 100vw, 1024px\" \/><\/figure>\n<\/div>\n<\/div>\n\n\n\n<p class=\"has-text-align-left\"><span style=\"font-family: Arial;\">Sie befinden sich auf der offiziellen&nbsp;Website der Brass Band Kappel. Hier finden Sie alles \u00fcber unseren Verein und unsere Aktivit\u00e4ten.<\/span><\/p>\n\n\n\n<p class=\"has-text-align-left\"><span style=\"font-family: Arial;\">Wir w\u00fcnschen Ihnen viel Spass beim Durchst\u00f6bern unserer Seite.<br><br>Ihre Brass Band Kappel<\/span><\/p>\n<!-- AddThis Advanced Settings generic via filter on the_content -->","protected":false},"excerpt":{"rendered":"<p>Sie befinden sich auf der offiziellen&nbsp;Website der Brass Band Kappel. Hier finden Sie alles \u00fcber unseren Verein und unsere Aktivit\u00e4ten. Wir w\u00fcnschen Ihnen viel Spass beim Durchst\u00f6bern unserer Seite. Ihre Brass Band Kappel<!-- AddThis Advanced Settings generic via filter on wp_trim_excerpt --><\/p>\n","protected":false},"author":4,"featured_media":0,"parent":0,"menu_order":0,"comment_status":"closed","ping_status":"closed","template":"","meta":{"footnotes":""},"class_list":["post-6","page","type-page","status-publish","hentry"],"jetpack_sharing_enabled":true,"jetpack_shortlink":"https:\/\/wp.me\/P9vqt6-6","_links":{"self":[{"href":"https:\/\/www.bbkappel.ch\/index.php\/wp-json\/wp\/v2\/pages\/6","targetHints":{"allow":["GET"]}}],"collection":[{"href":"https:\/\/www.bbkappel.ch\/index.php\/wp-json\/wp\/v2\/pages"}],"about":[{"href":"https:\/\/www.bbkappel.ch\/index.php\/wp-json\/wp\/v2\/types\/page"}],"author":[{"embeddable":true,"href":"https:\/\/www.bbkappel.ch\/index.php\/wp-json\/wp\/v2\/users\/4"}],"replies":[{"embeddable":true,"href":"https:\/\/www.bbkappel.ch\/index.php\/wp-json\/wp\/v2\/comments?post=6"}],"version-history":[{"count":62,"href":"https:\/\/www.bbkappel.ch\/index.php\/wp-json\/wp\/v2\/pages\/6\/revisions"}],"predecessor-version":[{"id":1732,"href":"https:\/\/www.bbkappel.ch\/index.php\/wp-json\/wp\/v2\/pages\/6\/revisions\/1732"}],"wp:attachment":[{"href":"https:\/\/www.bbkappel.ch\/index.php\/wp-json\/wp\/v2\/media?parent=6"}],"curies":[{"name":"wp","href":"https:\/\/api.w.org\/{rel}","templated":true}]}}