{"id":54,"date":"2012-01-29T20:31:19","date_gmt":"2012-01-29T20:31:19","guid":{"rendered":"http:\/\/www.bbkappel.ch\/wordpress\/?page_id=54"},"modified":"2020-03-08T02:00:01","modified_gmt":"2020-03-08T01:00:01","slug":"festbankvermietung","status":"publish","type":"page","link":"https:\/\/www.bbkappel.ch\/index.php\/festbankvermietung\/","title":{"rendered":"Festbankvermietung"},"content":{"rendered":"<p>Die Brass Band Kappel besitzt 40 neu revidierte Festb\u00e4nke. Diese vermieten wir f\u00fcr Privat- sowie f\u00fcr Vereinsanl\u00e4sse.<\/p>\n<p>Preis f\u00fcr die Miete eines kompletten Festbankes \u00e0 5m f\u00fcr ca. 18 Personen<br \/>\n(3 B\u00f6ckli, 2 Sitzbretter, 1 Tischbrett)<\/p>\n<p><strong>Kappeler\u00a0\u00a0\u00a0\u00a0\u00a0\u00a0\u00a0\u00a0 CHF 7.&#8211;\/Stk.<\/strong><br \/>\n<strong>Ausw\u00e4rtige\u00a0\u00a0\u00a0\u00a0\u00a0CHF 10.&#8211;\/Stk.<\/strong><\/p>\n<p>Der Mieter ist f\u00fcr die Abholung und R\u00fcckschaffung der Mietware verantwortlich. Nat\u00fcrlich werden Sch\u00e4den an den Festb\u00e4nken ebenfalls in Rechnung gestellt.<\/p>\n<p>Interessierte melden sich bei Anton Lack Tel. P. 062 216 63 55 oder einem BBK-Mitglied.<\/p>\n<!-- AddThis Advanced Settings generic via filter on the_content -->","protected":false},"excerpt":{"rendered":"<p>Die Brass Band Kappel besitzt 40 neu revidierte Festb\u00e4nke. Diese vermieten wir f\u00fcr Privat- sowie f\u00fcr Vereinsanl\u00e4sse. Preis f\u00fcr die Miete eines kompletten Festbankes \u00e0 5m f\u00fcr ca. 18 Personen (3 B\u00f6ckli, 2 Sitzbretter, 1 Tischbrett) Kappeler\u00a0\u00a0\u00a0\u00a0\u00a0\u00a0\u00a0\u00a0 CHF 7.&#8211;\/Stk. Ausw\u00e4rtige\u00a0\u00a0\u00a0\u00a0\u00a0CHF 10.&#8211;\/Stk. Der Mieter ist f\u00fcr die Abholung und R\u00fcckschaffung der Mietware verantwortlich. Nat\u00fcrlich werden Sch\u00e4den an den Festb\u00e4nken ebenfalls in Rechnung gestellt. Interessierte melden sich bei Anton Lack Tel. P. 062 216 63 55 oder einem BBK-Mitglied.<!-- AddThis Advanced Settings generic via filter on wp_trim_excerpt --><\/p>\n","protected":false},"author":4,"featured_media":0,"parent":0,"menu_order":40,"comment_status":"closed","ping_status":"closed","template":"","meta":{"footnotes":""},"class_list":["post-54","page","type-page","status-publish","hentry"],"jetpack_sharing_enabled":true,"jetpack_shortlink":"https:\/\/wp.me\/P9vqt6-S","_links":{"self":[{"href":"https:\/\/www.bbkappel.ch\/index.php\/wp-json\/wp\/v2\/pages\/54","targetHints":{"allow":["GET"]}}],"collection":[{"href":"https:\/\/www.bbkappel.ch\/index.php\/wp-json\/wp\/v2\/pages"}],"about":[{"href":"https:\/\/www.bbkappel.ch\/index.php\/wp-json\/wp\/v2\/types\/page"}],"author":[{"embeddable":true,"href":"https:\/\/www.bbkappel.ch\/index.php\/wp-json\/wp\/v2\/users\/4"}],"replies":[{"embeddable":true,"href":"https:\/\/www.bbkappel.ch\/index.php\/wp-json\/wp\/v2\/comments?post=54"}],"version-history":[{"count":8,"href":"https:\/\/www.bbkappel.ch\/index.php\/wp-json\/wp\/v2\/pages\/54\/revisions"}],"predecessor-version":[{"id":1237,"href":"https:\/\/www.bbkappel.ch\/index.php\/wp-json\/wp\/v2\/pages\/54\/revisions\/1237"}],"wp:attachment":[{"href":"https:\/\/www.bbkappel.ch\/index.php\/wp-json\/wp\/v2\/media?parent=54"}],"curies":[{"name":"wp","href":"https:\/\/api.w.org\/{rel}","templated":true}]}}