{"id":38,"date":"2012-01-29T20:27:37","date_gmt":"2012-01-29T20:27:37","guid":{"rendered":"http:\/\/www.bbkappel.ch\/wordpress\/?page_id=38"},"modified":"2025-02-19T16:05:24","modified_gmt":"2025-02-19T15:05:24","slug":"jugendfoerderung","status":"publish","type":"page","link":"https:\/\/www.bbkappel.ch\/index.php\/uber-uns\/jugendfoerderung\/","title":{"rendered":"Jugendf\u00f6rderung"},"content":{"rendered":"<p><em><strong>Musikunterricht<\/strong><\/em><br \/>Ab der\u00a0 3. Primarschulklasse kann an der Musikschule Unterg\u00e4u ein Blechblasinstrument erlernt werden. In Einzel- oder Gruppenunterricht werden die Kinder nach neusten Methoden geschult. In Kappel unterrichtet Herr Oliver Waldmann. Er ist Musiklehrer an der Musikschule Unterg\u00e4u und Dirigent der der Brass Band Kappel sowie der Musikgesellschaft H\u00e4gendorf-Rickenbach. Privatunterricht f\u00fcr Kinder unter der 2. Klasse k\u00f6nnen auf Anfrage vereinbart werden. Interessenten melden sich bitte bei<br \/><strong>Oliver Waldmann \/ 079 679 46 27 (Musiklehrer)<\/strong><br \/><strong>Luca Lack \/ 079 744 01 12 (Pr\u00e4sident Jugendmusik Unterg\u00e4u)<\/strong><br \/><strong>Dominik von Arx \/ 079 255 83 38 (Pr\u00e4sident BBK)<\/strong><\/p>\n<p><em><strong><span style=\"font-size: revert;\">Jugendmusik Unterg\u00e4u<br \/><\/span><\/strong><\/em>Die Musikgesellschaft H\u00e4gendorf-Rickenbach, die Brass Band Kappel und die Musikgesellschaft Gunzgen haben im Jahr 2017 eine gemeinsame Jugendmusik gegr\u00fcndet. Die drei Musikvereine haben sich entschieden, die Jugendf\u00f6rderung in der Blasmusik gemeinsam zu f\u00f6rdern. Die Jugendmusik Unterg\u00e4u wird zugleich durch diese Vereine als Dachorganisation unterst\u00fctzt und getragen. Der Probestart erfolgte am 6. M\u00e4rz 2018.<\/p>\n<p><img decoding=\"async\" src=\"https:\/\/www.bbkappel.ch\/wp-content\/uploads\/2023\/10\/9fb5e4ba-5cb2-4656-9211-8c4d57f40e9f.jpeg\" \/><\/p>\n<p>Nun w\u00fcrde es uns sehr freuen, wenn wir m\u00f6glichst viele Musikanten im neuen Projekt begr\u00fcssen d\u00fcrfen. Daher laden wir alle interessierten herzlich ein in einer der Proben vorbeizuschauen und mitzumachen.<\/p>\n<p>Die Proben finden gem\u00e4ss Probeplan, jeweils am Montag 18.45 Uhr bis 19.45 Uhr in der Raiffeisen Arena in H\u00e4gendorf statt.<\/p>\n<p>Es w\u00fcrde uns sehr freuen, neue interessierte Mitglieder oder auch bestehende Musikanten aus den bisherigen Jugendformationen aus H\u00e4gendorf, Rickenbach, Kappel oder Gunzgen begr\u00fcssen zu d\u00fcrfen.<\/p>\n<p><a href=\"https:\/\/www.bbkappel.ch\/wp-content\/uploads\/2019\/04\/Flyer-Jumu.pdf\">Flyer Jugendmusik<\/a><\/p>\n<p>\u00a0<\/p>\n\n\n<p><\/p>\n<!-- AddThis Advanced Settings generic via filter on the_content -->","protected":false},"excerpt":{"rendered":"<p>MusikunterrichtAb der\u00a0 3. Primarschulklasse kann an der Musikschule Unterg\u00e4u ein Blechblasinstrument erlernt werden. In Einzel- oder Gruppenunterricht werden die Kinder nach neusten Methoden geschult. In Kappel unterrichtet Herr Oliver Waldmann. Er ist Musiklehrer an der Musikschule Unterg\u00e4u und Dirigent der der Brass Band Kappel sowie der Musikgesellschaft H\u00e4gendorf-Rickenbach. Privatunterricht f\u00fcr Kinder unter der 2. Klasse k\u00f6nnen auf Anfrage vereinbart werden. Interessenten melden sich bitte beiOliver Waldmann \/ 079 679 46 27 (Musiklehrer)Luca Lack \/ 079 744 01 12 (Pr\u00e4sident Jugendmusik&#8230;<\/p>\n<p class=\"read-more\"><a class=\"btn btn-default\" href=\"https:\/\/www.bbkappel.ch\/index.php\/uber-uns\/jugendfoerderung\/\">Weiterlesen<span class=\"screen-reader-text\"> Weiterlesen<\/span><\/a><\/p>\n<p><!-- AddThis Advanced Settings generic via filter on wp_trim_excerpt --><\/p>\n","protected":false},"author":4,"featured_media":0,"parent":20,"menu_order":0,"comment_status":"closed","ping_status":"closed","template":"","meta":{"jetpack_post_was_ever_published":false,"footnotes":""},"class_list":["post-38","page","type-page","status-publish","hentry"],"jetpack_sharing_enabled":true,"jetpack_shortlink":"https:\/\/wp.me\/P9vqt6-C","_links":{"self":[{"href":"https:\/\/www.bbkappel.ch\/index.php\/wp-json\/wp\/v2\/pages\/38","targetHints":{"allow":["GET"]}}],"collection":[{"href":"https:\/\/www.bbkappel.ch\/index.php\/wp-json\/wp\/v2\/pages"}],"about":[{"href":"https:\/\/www.bbkappel.ch\/index.php\/wp-json\/wp\/v2\/types\/page"}],"author":[{"embeddable":true,"href":"https:\/\/www.bbkappel.ch\/index.php\/wp-json\/wp\/v2\/users\/4"}],"replies":[{"embeddable":true,"href":"https:\/\/www.bbkappel.ch\/index.php\/wp-json\/wp\/v2\/comments?post=38"}],"version-history":[{"count":27,"href":"https:\/\/www.bbkappel.ch\/index.php\/wp-json\/wp\/v2\/pages\/38\/revisions"}],"predecessor-version":[{"id":1795,"href":"https:\/\/www.bbkappel.ch\/index.php\/wp-json\/wp\/v2\/pages\/38\/revisions\/1795"}],"up":[{"embeddable":true,"href":"https:\/\/www.bbkappel.ch\/index.php\/wp-json\/wp\/v2\/pages\/20"}],"wp:attachment":[{"href":"https:\/\/www.bbkappel.ch\/index.php\/wp-json\/wp\/v2\/media?parent=38"}],"curies":[{"name":"wp","href":"https:\/\/api.w.org\/{rel}","templated":true}]}}