{"id":35,"date":"2012-01-29T20:26:26","date_gmt":"2012-01-29T20:26:26","guid":{"rendered":"http:\/\/www.bbkappel.ch\/wordpress\/?page_id=35"},"modified":"2012-05-10T21:32:53","modified_gmt":"2012-05-10T19:32:53","slug":"dirigent","status":"publish","type":"page","link":"https:\/\/www.bbkappel.ch\/index.php\/uber-uns\/dirigent\/","title":{"rendered":"Dirigent"},"content":{"rendered":"<p><a href=\"https:\/\/www.bbkappel.ch\/wp-content\/uploads\/2012\/03\/oli2.jpg\" target=\"_blank\"><img loading=\"lazy\" decoding=\"async\" class=\"size-thumbnail wp-image-206 alignleft\" title=\"Oliver Waldmann\" src=\"https:\/\/www.bbkappel.ch\/wp-content\/uploads\/2012\/03\/oli2-150x150.jpg\" alt=\"\" width=\"150\" height=\"150\" \/><\/a><br \/>\nOliver Waldmann, aufgewachsen in Gunzgen SO, erhielt seinen ersten Trompetenunterricht mit 10 Jahren an der Musikschule Unterg\u00e4u. Nach seiner Ausbildung zum Elektromechaniker und der Rekrutenschule als Milit\u00e4rtrompeter studierte er an der Musikhochschule Luzern Trompete. Sein Musikstudium schloss Oliver Waldmann mit dem Lehrdiplom (mit sehr gutem Erfolg) und dem Orchesterdiplom (mit Auszeichnung) ab. W\u00e4hrend des Orchesterdiploms absolvierte er ein Volontariat im Luzerner Sinfonieorchester. Meisterkurse f\u00fchrten ihn mit John Wallace (GB), Guy Touvron (F), Enrique Crespo (German Brass) und Philip Jones (GB) zusammen.<\/p>\n<p>An den Musikschulen Sissach, Balsthal, Trimbach und Holderbank SO unterrichtet Oliver Waldmann die Trompetenklassen.<\/p>\n<p>Seit 2007 ist Oliver Waldmann Solotrompeter im Stadtorchester Solothurn. Er spielt regelm\u00e4ssig als Solist mit Orgel- und Klavierbegleitung an Konzerten, Hochzeiten und anderen kirchlichen Anl\u00e4ssen. Von verschiedenen Orchestern wird Oliver Waldmann regelm\u00e4ssig als Solist oder Zuz\u00fcger verpflichtet.<\/p>\n<p>Oliver Waldmann ist Dirigent der Brass Band Kappel. Diese Formation dirigiert er nun bereits seit 15 Jahren. 2010 wurde er zum Ehrendirigent der Brass Band Kappel ernannt.<\/p>\n<p>Im Sommer 2002, 2003 und 2004 wurde er als Leiter f\u00fcr das Trompetenregister w\u00e4hrend der Musikwoche des Nationalen Jugendblasorchesters NJBO verpflichtet.<\/p>\n<p>Von 1997 bis Ende 2008 dirigierte Oliver Waldmann die Musikgesellschaft H\u00e4gendorf-Rickenbach und von 2002 bis 2008 das Jugendensemble H\u00e4gendorf. Am Abschiedskonzert im November 2008 wurde er zum Ehrendirigenten der Musikgesellschaft H\u00e4gendorf-Rickenbach ernannt.<\/p>\n<p><a href=\"http:\/\/www.oliverwaldmann.ch\" target=\"_blank\">www.oliverwaldmann.ch<\/a><\/p>\n<!-- AddThis Advanced Settings generic via filter on the_content -->","protected":false},"excerpt":{"rendered":"<p>Oliver Waldmann, aufgewachsen in Gunzgen SO, erhielt seinen ersten Trompetenunterricht mit 10 Jahren an der Musikschule Unterg\u00e4u. Nach seiner Ausbildung zum Elektromechaniker und der Rekrutenschule als Milit\u00e4rtrompeter studierte er an der Musikhochschule Luzern Trompete. Sein Musikstudium schloss Oliver Waldmann mit dem Lehrdiplom (mit sehr gutem Erfolg) und dem Orchesterdiplom (mit Auszeichnung) ab. W\u00e4hrend des Orchesterdiploms absolvierte er ein Volontariat im Luzerner Sinfonieorchester. Meisterkurse f\u00fchrten ihn mit John Wallace (GB), Guy Touvron (F), Enrique Crespo (German Brass) und Philip Jones (GB)&#8230;<\/p>\n<p class=\"read-more\"><a class=\"btn btn-default\" href=\"https:\/\/www.bbkappel.ch\/index.php\/uber-uns\/dirigent\/\">Weiterlesen<span class=\"screen-reader-text\"> Weiterlesen<\/span><\/a><\/p>\n<p><!-- AddThis Advanced Settings generic via filter on wp_trim_excerpt --><\/p>\n","protected":false},"author":4,"featured_media":0,"parent":20,"menu_order":0,"comment_status":"closed","ping_status":"closed","template":"","meta":{"footnotes":""},"class_list":["post-35","page","type-page","status-publish","hentry"],"jetpack_sharing_enabled":true,"jetpack_shortlink":"https:\/\/wp.me\/P9vqt6-z","_links":{"self":[{"href":"https:\/\/www.bbkappel.ch\/index.php\/wp-json\/wp\/v2\/pages\/35","targetHints":{"allow":["GET"]}}],"collection":[{"href":"https:\/\/www.bbkappel.ch\/index.php\/wp-json\/wp\/v2\/pages"}],"about":[{"href":"https:\/\/www.bbkappel.ch\/index.php\/wp-json\/wp\/v2\/types\/page"}],"author":[{"embeddable":true,"href":"https:\/\/www.bbkappel.ch\/index.php\/wp-json\/wp\/v2\/users\/4"}],"replies":[{"embeddable":true,"href":"https:\/\/www.bbkappel.ch\/index.php\/wp-json\/wp\/v2\/comments?post=35"}],"version-history":[{"count":14,"href":"https:\/\/www.bbkappel.ch\/index.php\/wp-json\/wp\/v2\/pages\/35\/revisions"}],"predecessor-version":[{"id":365,"href":"https:\/\/www.bbkappel.ch\/index.php\/wp-json\/wp\/v2\/pages\/35\/revisions\/365"}],"up":[{"embeddable":true,"href":"https:\/\/www.bbkappel.ch\/index.php\/wp-json\/wp\/v2\/pages\/20"}],"wp:attachment":[{"href":"https:\/\/www.bbkappel.ch\/index.php\/wp-json\/wp\/v2\/media?parent=35"}],"curies":[{"name":"wp","href":"https:\/\/api.w.org\/{rel}","templated":true}]}}