{"id":21,"date":"2012-01-26T21:26:48","date_gmt":"2012-01-26T21:26:48","guid":{"rendered":"http:\/\/www.bbkappel.ch\/wordpress\/?page_id=21"},"modified":"2026-03-04T07:18:41","modified_gmt":"2026-03-04T06:18:41","slug":"besetzung","status":"publish","type":"page","link":"https:\/\/www.bbkappel.ch\/index.php\/uber-uns\/besetzung\/","title":{"rendered":"Besetzung"},"content":{"rendered":"\n<figure class=\"wp-block-table\"><table><tbody><tr><td><strong>Direktion<\/strong><\/td><td>Oliver Waldmann<\/td><\/tr><tr><td><strong>F\u00e4hnrich<\/strong><\/td><td>Heinrich Lienhard<\/td><\/tr><tr><td><strong>Soprano Cornet<\/strong><\/td><td>Roman Junker<\/td><\/tr><tr><td><strong>Principal Cornet<\/strong><\/td><td>Benjamin Ledergerber<\/td><\/tr><tr><td><strong>Solo Cornet<\/strong><\/td><td>Julian Wyss<\/td><\/tr><tr><td>&nbsp;<\/td><td>Taina Egger<\/td><\/tr><tr><td>&nbsp;<\/td><td>Heinz Hosner<\/td><\/tr><tr><td><strong>Repiano Cornet<\/strong><\/td><td>Luca Lack<\/td><\/tr><tr><td><strong>2. Cornet<\/strong><\/td><td>No\u00ebmi Henzirohs<\/td><\/tr><tr><td><\/td><td>Sarina Henzirohs<\/td><\/tr><tr><td><\/td><td>Michaela Egger<\/td><\/tr><tr><td><strong>3. Cornet<\/strong><\/td><td>Heinrich Ledergerber<\/td><\/tr><tr><td>&nbsp;<\/td><td>Anton Lack<\/td><\/tr><tr><td><\/td><td>Seraina Ruckstuhl<\/td><\/tr><tr><td><strong>Fl\u00fcgelhorn<\/strong><\/td><td>Simon Lerch<\/td><\/tr><tr><td><strong>Solo Es-Horn<\/strong><\/td><td>Jo\u00ebl Renggli<\/td><\/tr><tr><td><strong>1. Es-Horn<\/strong><\/td><td>Martin Henzirohs<\/td><\/tr><tr><td><strong>2. Es-Horn<\/strong><\/td><td>Silvan Lienhard<\/td><\/tr><tr><td><strong>Solo Euphonium<\/strong><\/td><td>Matthieu Renggli<\/td><\/tr><tr><td><strong>Euphonium<\/strong><\/td><td>Peter Wyss<\/td><\/tr><tr><td><\/td><td>Ladina Ruckstuhl<\/td><\/tr><tr><td><strong>1. Bariton<\/strong><\/td><td>Sepp B\u00fcchler<\/td><\/tr><tr><td><strong>2. Bariton<\/strong><\/td><td>Claudia Zeltner<\/td><\/tr><tr><td><\/td><td>Martina N\u00fctzi<\/td><\/tr><tr><td>&nbsp;<\/td><td>Daniel Iseli<\/td><\/tr><tr><td><\/td><td>Yara Egger<\/td><\/tr><tr><td><strong>1. Posaune<\/strong><\/td><td>Lisa Lack<\/td><\/tr><tr><td><strong>2. Posaune<\/strong><\/td><td>Thomas Wyss<\/td><\/tr><tr><td><strong>Bass Posaune<\/strong><\/td><td>Cedric Renggli<\/td><\/tr><tr><td><strong>Es-Bass<\/strong><\/td><td>Lukas Bosshart<\/td><\/tr><tr><td><strong>B-Bass<\/strong><\/td><td>Dominik von Arx<\/td><\/tr><tr><td><strong>Percussion<\/strong><\/td><td>Rolf Lack<\/td><\/tr><tr><td>&nbsp;<\/td><td>Sonja Lack<\/td><\/tr><tr><td>&nbsp;<\/td><td>Dominik Wyss<\/td><\/tr><\/tbody><\/table><\/figure>\n<!-- AddThis Advanced Settings generic via filter on the_content -->","protected":false},"excerpt":{"rendered":"<p>Direktion Oliver Waldmann F\u00e4hnrich Heinrich Lienhard Soprano Cornet Roman Junker Principal Cornet Benjamin Ledergerber Solo Cornet Julian Wyss &nbsp; Taina Egger &nbsp; Heinz Hosner Repiano Cornet Luca Lack 2. Cornet No\u00ebmi Henzirohs Sarina Henzirohs Michaela Egger 3. Cornet Heinrich Ledergerber &nbsp; Anton Lack Seraina Ruckstuhl Fl\u00fcgelhorn Simon Lerch Solo Es-Horn Jo\u00ebl Renggli 1. Es-Horn Martin Henzirohs 2. Es-Horn Silvan Lienhard Solo Euphonium Matthieu Renggli Euphonium Peter Wyss Ladina Ruckstuhl 1. Bariton Sepp B\u00fcchler 2. Bariton Claudia Zeltner Martina N\u00fctzi &nbsp;&#8230;<\/p>\n<p class=\"read-more\"><a class=\"btn btn-default\" href=\"https:\/\/www.bbkappel.ch\/index.php\/uber-uns\/besetzung\/\">Weiterlesen<span class=\"screen-reader-text\"> Weiterlesen<\/span><\/a><\/p>\n<p><!-- AddThis Advanced Settings generic via filter on wp_trim_excerpt --><\/p>\n","protected":false},"author":4,"featured_media":0,"parent":20,"menu_order":0,"comment_status":"closed","ping_status":"closed","template":"","meta":{"jetpack_post_was_ever_published":false,"footnotes":""},"class_list":["post-21","page","type-page","status-publish","hentry"],"jetpack_sharing_enabled":true,"jetpack_shortlink":"https:\/\/wp.me\/P9vqt6-l","_links":{"self":[{"href":"https:\/\/www.bbkappel.ch\/index.php\/wp-json\/wp\/v2\/pages\/21","targetHints":{"allow":["GET"]}}],"collection":[{"href":"https:\/\/www.bbkappel.ch\/index.php\/wp-json\/wp\/v2\/pages"}],"about":[{"href":"https:\/\/www.bbkappel.ch\/index.php\/wp-json\/wp\/v2\/types\/page"}],"author":[{"embeddable":true,"href":"https:\/\/www.bbkappel.ch\/index.php\/wp-json\/wp\/v2\/users\/4"}],"replies":[{"embeddable":true,"href":"https:\/\/www.bbkappel.ch\/index.php\/wp-json\/wp\/v2\/comments?post=21"}],"version-history":[{"count":81,"href":"https:\/\/www.bbkappel.ch\/index.php\/wp-json\/wp\/v2\/pages\/21\/revisions"}],"predecessor-version":[{"id":1861,"href":"https:\/\/www.bbkappel.ch\/index.php\/wp-json\/wp\/v2\/pages\/21\/revisions\/1861"}],"up":[{"embeddable":true,"href":"https:\/\/www.bbkappel.ch\/index.php\/wp-json\/wp\/v2\/pages\/20"}],"wp:attachment":[{"href":"https:\/\/www.bbkappel.ch\/index.php\/wp-json\/wp\/v2\/media?parent=21"}],"curies":[{"name":"wp","href":"https:\/\/api.w.org\/{rel}","templated":true}]}}