{"id":1581,"date":"2023-07-31T14:49:04","date_gmt":"2023-07-31T12:49:04","guid":{"rendered":"https:\/\/www.bbkappel.ch\/?page_id=1581"},"modified":"2023-07-31T14:49:07","modified_gmt":"2023-07-31T12:49:07","slug":"mitmachen","status":"publish","type":"page","link":"https:\/\/www.bbkappel.ch\/index.php\/uber-uns\/mitmachen\/","title":{"rendered":"Mitmachen"},"content":{"rendered":"\n<p>Spielst Du ein Blechinstrument oder bist Du eher auf dem Schlagwerk zu Hause? Dann schau doch einfach in die n\u00e4chste Probe rein!<\/p>\n\n\n\n<p>Die Proben finden gem\u00e4ss Probeplan, jeweils am Donnerstag von 20:00 Uhr bis 22:00 Uhr im Kulturraum in der Mehrzweckhalle in Kappel statt.<\/p>\n\n\n\n<p>Es w\u00fcrde uns sehr freuen, neue interessierte Mitglieder oder auch bestehende Musikanten in unseren Reihen begr\u00fcssen zu d\u00fcrfen.<\/p>\n\n\n\n<p>Interessierte k\u00f6nnen uns auch gerne via <a href=\"mailto:praesident@bbkappel.ch\">praesident@bbkappel.ch<\/a> oder <a href=\"mailto:muko@bbkappel.ch\">muko@bbkappel.ch<\/a> kontaktieren. Du kannst auch direkt einen Musikanten oder eine Musikantin ansprechen, oder unseren Vereinspr\u00e4sident Dominik von Arx oder den MUKO-Pr\u00e4sident Roman Junker kontaktieren.<\/p>\n\n\n\n<p><\/p>\n<!-- AddThis Advanced Settings generic via filter on the_content -->","protected":false},"excerpt":{"rendered":"<p>Spielst Du ein Blechinstrument oder bist Du eher auf dem Schlagwerk zu Hause? Dann schau doch einfach in die n\u00e4chste Probe rein! Die Proben finden gem\u00e4ss Probeplan, jeweils am Donnerstag von 20:00 Uhr bis 22:00 Uhr im Kulturraum in der Mehrzweckhalle in Kappel statt. Es w\u00fcrde uns sehr freuen, neue interessierte Mitglieder oder auch bestehende Musikanten in unseren Reihen begr\u00fcssen zu d\u00fcrfen. Interessierte k\u00f6nnen uns auch gerne via praesident@bbkappel.ch oder muko@bbkappel.ch kontaktieren. Du kannst auch direkt einen Musikanten oder eine&#8230;<\/p>\n<p class=\"read-more\"><a class=\"btn btn-default\" href=\"https:\/\/www.bbkappel.ch\/index.php\/uber-uns\/mitmachen\/\">Weiterlesen<span class=\"screen-reader-text\"> Weiterlesen<\/span><\/a><\/p>\n<p><!-- AddThis Advanced Settings generic via filter on wp_trim_excerpt --><\/p>\n","protected":false},"author":4,"featured_media":0,"parent":20,"menu_order":0,"comment_status":"closed","ping_status":"closed","template":"","meta":{"jetpack_post_was_ever_published":false,"footnotes":""},"class_list":["post-1581","page","type-page","status-publish","hentry"],"jetpack_sharing_enabled":true,"jetpack_shortlink":"https:\/\/wp.me\/P9vqt6-pv","_links":{"self":[{"href":"https:\/\/www.bbkappel.ch\/index.php\/wp-json\/wp\/v2\/pages\/1581","targetHints":{"allow":["GET"]}}],"collection":[{"href":"https:\/\/www.bbkappel.ch\/index.php\/wp-json\/wp\/v2\/pages"}],"about":[{"href":"https:\/\/www.bbkappel.ch\/index.php\/wp-json\/wp\/v2\/types\/page"}],"author":[{"embeddable":true,"href":"https:\/\/www.bbkappel.ch\/index.php\/wp-json\/wp\/v2\/users\/4"}],"replies":[{"embeddable":true,"href":"https:\/\/www.bbkappel.ch\/index.php\/wp-json\/wp\/v2\/comments?post=1581"}],"version-history":[{"count":1,"href":"https:\/\/www.bbkappel.ch\/index.php\/wp-json\/wp\/v2\/pages\/1581\/revisions"}],"predecessor-version":[{"id":1582,"href":"https:\/\/www.bbkappel.ch\/index.php\/wp-json\/wp\/v2\/pages\/1581\/revisions\/1582"}],"up":[{"embeddable":true,"href":"https:\/\/www.bbkappel.ch\/index.php\/wp-json\/wp\/v2\/pages\/20"}],"wp:attachment":[{"href":"https:\/\/www.bbkappel.ch\/index.php\/wp-json\/wp\/v2\/media?parent=1581"}],"curies":[{"name":"wp","href":"https:\/\/api.w.org\/{rel}","templated":true}]}}